{"id":135,"date":"2023-08-23T02:02:14","date_gmt":"2023-08-23T00:02:14","guid":{"rendered":"http:\/\/kinequilibre-azur.com\/?page_id=135"},"modified":"2023-09-02T17:30:19","modified_gmt":"2023-09-02T15:30:19","slug":"impressum","status":"publish","type":"page","link":"https:\/\/kinequilibre-azur.com\/fr\/vertiges-equilibre\/impressum\/","title":{"rendered":"Mentions l\u00e9gales"},"content":{"rendered":"\n<p>Ce site internet a \u00e9t\u00e9 cr\u00e9\u00e9 par Jean-Yves Leseigneur et Johannes Voegel.<\/p>\n\n\n\n<p><strong>\u00a9 Kin\u00e9quilibre Azur 2023<\/strong> <\/p>\n\n\n\n<p><strong>Reproduction non autoris\u00e9e<\/strong><\/p>\n\n\n\n<p>.<\/p>\n\n\n\n<p><strong>RESPONSABILITE : Contenu embarqu\u00e9 depuis d\u2019autres sites<\/strong><\/p>\n\n\n\n<p>Les articles de ce site peuvent inclure des contenus int\u00e9gr\u00e9s (par exemple des vid\u00e9os, images, articles\u2026). Le contenu int\u00e9gr\u00e9 depuis d\u2019autres sites se comporte de la m\u00eame mani\u00e8re que si le visiteur se rendait sur cet autre site.<\/p>\n\n\n\n<p>Ces sites web pourraient collecter des donn\u00e9es sur vous, utiliser des cookies, embarquer des outils de suivis tiers, suivre vos interactions avec ces contenus embarqu\u00e9s si vous disposez d\u2019un compte connect\u00e9 sur leur site web.<\/p>\n\n\n\n<p><strong>POLITIQUE DE CONFIDENTIALIT\u00c9<\/strong><\/p>\n\n\n\n<p>La politique de protection de confidentialit\u00e9 est \u00e0 jour au 23 08&nbsp;2023.<\/p>\n\n\n\n<p>La politique de confidentialit\u00e9 a pour but de d\u00e9tailler le traitement des donn\u00e9es des utilisateurs qui utilisent les services de&nbsp;Kin\u00e9quilibre Azur. Elle permet de vous d\u00e9crire comment&nbsp;Kin\u00e9quilibre Azur utilise et prot\u00e8ge vos donn\u00e9es personnelles.&nbsp;<\/p>\n\n\n\n<p>L\u2019utilisateur qui utilise le site accepte la pr\u00e9sente politique de confidentialit\u00e9.<\/p>\n\n\n\n<p><strong>Quel genre de donn\u00e9es collectons-nous ?<\/strong><\/p>\n\n\n\n<p>Nous ne r\u00e9coltons pas de donn\u00e9es des utilisateurs.<\/p>\n\n\n\n<p><strong>Qui collecte vos donn\u00e9es ?<\/strong><\/p>\n\n\n\n<p>Le site internet&nbsp;Kin\u00e9quilibre Azur ne collecte pas vos donn\u00e9es personnelles.<\/p>\n\n\n\n<p><strong>\u00c0 quelle fin <strong>mes donn\u00e9es<\/strong><\/strong> <strong>sont-elles collect\u00e9es  ?<\/strong><\/p>\n\n\n\n<p>Les objectifs de notre site internet ne n\u00e9cessitent pas la collection de donn\u00e9es.<\/p>\n\n\n\n<p>\u00c0 condition de justifier de leur identit\u00e9, les utilisateurs peuvent exercer leur droit aupr\u00e8s de la soci\u00e9t\u00e9 par mail \u00e0 l&rsquo;adresse suivante : kinequilibre.azur@laposte.net.<\/p>\n\n\n\n<p>\u00c0 d\u00e9faut, les r\u00e9clamations relatives au traitement de vos donn\u00e9es personnelles peuvent \u00eatre adress\u00e9es \u00e0 la Commission Nationale de l\u2019Informatique et des Libert\u00e9s \u00e0 l\u2019adresse suivante : 3 Place de Fontenoy &#8211; TSA 80715 &#8211; 75334 Paris Cedex.<\/p>\n","protected":false},"excerpt":{"rendered":"<p>Ce site internet a \u00e9t\u00e9 cr\u00e9\u00e9 par Jean-Yves Leseigneur et Johannes Voegel. \u00a9 Kin\u00e9quilibre Azur 2023 Reproduction non autoris\u00e9e . RESPONSABILITE : Contenu embarqu\u00e9 depuis d\u2019autres sites Les articles de ce site peuvent inclure des contenus int\u00e9gr\u00e9s (par exemple des vid\u00e9os, images, articles\u2026). Le contenu int\u00e9gr\u00e9 depuis d\u2019autres sites se comporte de la m\u00eame mani\u00e8re [&hellip;]<\/p>\n","protected":false},"author":1,"featured_media":0,"parent":27,"menu_order":1,"comment_status":"closed","ping_status":"closed","template":"","meta":{"footnotes":""},"class_list":["post-135","page","type-page","status-publish","hentry"],"aioseo_notices":[],"_links":{"self":[{"href":"https:\/\/kinequilibre-azur.com\/fr\/wp-json\/wp\/v2\/pages\/135","targetHints":{"allow":["GET"]}}],"collection":[{"href":"https:\/\/kinequilibre-azur.com\/fr\/wp-json\/wp\/v2\/pages"}],"about":[{"href":"https:\/\/kinequilibre-azur.com\/fr\/wp-json\/wp\/v2\/types\/page"}],"author":[{"embeddable":true,"href":"https:\/\/kinequilibre-azur.com\/fr\/wp-json\/wp\/v2\/users\/1"}],"replies":[{"embeddable":true,"href":"https:\/\/kinequilibre-azur.com\/fr\/wp-json\/wp\/v2\/comments?post=135"}],"version-history":[{"count":10,"href":"https:\/\/kinequilibre-azur.com\/fr\/wp-json\/wp\/v2\/pages\/135\/revisions"}],"predecessor-version":[{"id":265,"href":"https:\/\/kinequilibre-azur.com\/fr\/wp-json\/wp\/v2\/pages\/135\/revisions\/265"}],"up":[{"embeddable":true,"href":"https:\/\/kinequilibre-azur.com\/fr\/wp-json\/wp\/v2\/pages\/27"}],"wp:attachment":[{"href":"https:\/\/kinequilibre-azur.com\/fr\/wp-json\/wp\/v2\/media?parent=135"}],"curies":[{"name":"wp","href":"https:\/\/api.w.org\/{rel}","templated":true}]}}