{"id":17,"date":"2023-08-22T17:03:18","date_gmt":"2023-08-22T15:03:18","guid":{"rendered":"http:\/\/kinequilibre-azur.com\/?page_id=17"},"modified":"2023-09-02T16:55:32","modified_gmt":"2023-09-02T14:55:32","slug":"therapeute","status":"publish","type":"page","link":"https:\/\/kinequilibre-azur.com\/fr\/therapeute\/","title":{"rendered":"Th\u00e9rapeute"},"content":{"rendered":"\n<h2 class=\"wp-block-heading\"><strong>Johannes Voegel<\/strong><\/h2>\n\n\n\n<h2 class=\"wp-block-heading\">Masseur-Kin\u00e9sith\u00e9rapeute DE<\/h2>\n\n\n\n<div class=\"wp-block-columns is-layout-flex wp-container-core-columns-is-layout-28f84493 wp-block-columns-is-layout-flex\">\n<div class=\"wp-block-column is-layout-flow wp-block-column-is-layout-flow\" style=\"flex-basis:33.33%\">\n<p><strong>Langues<\/strong> <\/p>\n\n\n\n<ul class=\"wp-block-list\">\n<li>Fran\u00e7ais<\/li>\n\n\n\n<li>Allemand<\/li>\n\n\n\n<li>Anglais<\/li>\n<\/ul>\n<\/div>\n\n\n\n<div class=\"wp-block-column is-layout-flow wp-block-column-is-layout-flow\" style=\"flex-basis:66.66%\">\n<figure class=\"wp-block-image size-large\"><img loading=\"lazy\" decoding=\"async\" width=\"1024\" height=\"951\" src=\"https:\/\/kinequilibre-azur.com\/wp-content\/uploads\/2023\/09\/Portrait-JV-1-1024x951.png\" alt=\"\" class=\"wp-image-260\" srcset=\"https:\/\/kinequilibre-azur.com\/wp-content\/uploads\/2023\/09\/Portrait-JV-1-1024x951.png 1024w, https:\/\/kinequilibre-azur.com\/wp-content\/uploads\/2023\/09\/Portrait-JV-1-300x279.png 300w, https:\/\/kinequilibre-azur.com\/wp-content\/uploads\/2023\/09\/Portrait-JV-1-768x713.png 768w, https:\/\/kinequilibre-azur.com\/wp-content\/uploads\/2023\/09\/Portrait-JV-1-13x12.png 13w, https:\/\/kinequilibre-azur.com\/wp-content\/uploads\/2023\/09\/Portrait-JV-1.png 1187w\" sizes=\"auto, (max-width: 1024px) 100vw, 1024px\" \/><\/figure>\n<\/div>\n<\/div>\n\n\n\n<h2 class=\"wp-block-heading\">FORMATION<\/h2>\n\n\n\n<p><strong>Dipl\u00f4me d\u2019\u00e9tat en Masso-Kin\u00e9sith\u00e9rapie<\/strong><\/p>\n\n\n\n<div class=\"wp-block-columns is-layout-flex wp-container-core-columns-is-layout-28f84493 wp-block-columns-is-layout-flex\">\n<div class=\"wp-block-column is-layout-flow wp-block-column-is-layout-flow\">\n<ul class=\"wp-block-list\">\n<li>R\u00e9\u00e9ducation musculosquelettique<\/li>\n\n\n\n<li>R\u00e9\u00e9ducation neuromusculaire<\/li>\n\n\n\n<li>R\u00e9\u00e9ducation respiratoire<\/li>\n\n\n\n<li>R\u00e9\u00e9ducation vestibulaire<\/li>\n<\/ul>\n<\/div>\n\n\n\n<div class=\"wp-block-column is-layout-flow wp-block-column-is-layout-flow\">\n<figure class=\"wp-block-image size-full\"><img loading=\"lazy\" decoding=\"async\" width=\"598\" height=\"129\" src=\"http:\/\/kinequilibre-azur.com\/wp-content\/uploads\/2023\/08\/IFMKNicois.png\" alt=\"\" class=\"wp-image-59\" srcset=\"https:\/\/kinequilibre-azur.com\/wp-content\/uploads\/2023\/08\/IFMKNicois.png 598w, https:\/\/kinequilibre-azur.com\/wp-content\/uploads\/2023\/08\/IFMKNicois-300x65.png 300w\" sizes=\"auto, (max-width: 598px) 100vw, 598px\" \/><\/figure>\n<\/div>\n<\/div>\n\n\n\n<p><strong>Formation en Kin\u00e9sith\u00e9rapie Vestibulaire<\/strong> <strong>: V.I.R.E<\/strong><\/p>\n\n\n\n<div class=\"wp-block-columns is-layout-flex wp-container-core-columns-is-layout-28f84493 wp-block-columns-is-layout-flex\">\n<div class=\"wp-block-column is-layout-flow wp-block-column-is-layout-flow\">\n<ul class=\"wp-block-list\">\n<li>Compl\u00e9t\u00e9e par des stages dans les cabinets des meilleurs Kin\u00e9sith\u00e9rapeutes Vestibulaires du D\u00e9partement des Alpes Maritimes<\/li>\n<\/ul>\n<\/div>\n\n\n\n<div class=\"wp-block-column is-layout-flow wp-block-column-is-layout-flow\">\n<figure class=\"wp-block-image size-full\"><img loading=\"lazy\" decoding=\"async\" width=\"535\" height=\"103\" src=\"http:\/\/kinequilibre-azur.com\/wp-content\/uploads\/2023\/08\/VIRE.png\" alt=\"\" class=\"wp-image-60\" srcset=\"https:\/\/kinequilibre-azur.com\/wp-content\/uploads\/2023\/08\/VIRE.png 535w, https:\/\/kinequilibre-azur.com\/wp-content\/uploads\/2023\/08\/VIRE-300x58.png 300w\" sizes=\"auto, (max-width: 535px) 100vw, 535px\" \/><\/figure>\n<\/div>\n<\/div>\n\n\n\n<p><strong>Auparavant \u2013 Une Carri\u00e8re Scientifique<\/strong><\/p>\n\n\n\n<div class=\"wp-block-columns is-layout-flex wp-container-core-columns-is-layout-28f84493 wp-block-columns-is-layout-flex\">\n<div class=\"wp-block-column is-layout-flow wp-block-column-is-layout-flow\">\n<ul class=\"wp-block-list\">\n<li>Chercheur dans l\u2019industrie pharmaceutique<\/li>\n<\/ul>\n<\/div>\n\n\n\n<div class=\"wp-block-column is-layout-flow wp-block-column-is-layout-flow\">\n<figure class=\"wp-block-image size-full\"><img loading=\"lazy\" decoding=\"async\" width=\"598\" height=\"95\" src=\"http:\/\/kinequilibre-azur.com\/wp-content\/uploads\/2023\/08\/Galderma.png\" alt=\"\" class=\"wp-image-61\" srcset=\"https:\/\/kinequilibre-azur.com\/wp-content\/uploads\/2023\/08\/Galderma.png 598w, https:\/\/kinequilibre-azur.com\/wp-content\/uploads\/2023\/08\/Galderma-300x48.png 300w\" sizes=\"auto, (max-width: 598px) 100vw, 598px\" \/><\/figure>\n<\/div>\n<\/div>\n\n\n\n<div class=\"wp-block-columns is-layout-flex wp-container-core-columns-is-layout-28f84493 wp-block-columns-is-layout-flex\">\n<div class=\"wp-block-column is-layout-flow wp-block-column-is-layout-flow\">\n<ul class=\"wp-block-list\">\n<li>Postdoctorat en biologie<\/li>\n<\/ul>\n<\/div>\n\n\n\n<div class=\"wp-block-column is-layout-flow wp-block-column-is-layout-flow\">\n<figure class=\"wp-block-image size-full\"><img loading=\"lazy\" decoding=\"async\" width=\"183\" height=\"93\" src=\"http:\/\/kinequilibre-azur.com\/wp-content\/uploads\/2023\/08\/igbmc.png\" alt=\"\" class=\"wp-image-62\"\/><\/figure>\n<\/div>\n<\/div>\n\n\n\n<div class=\"wp-block-columns is-layout-flex wp-container-core-columns-is-layout-28f84493 wp-block-columns-is-layout-flex\">\n<div class=\"wp-block-column is-layout-flow wp-block-column-is-layout-flow\">\n<ul class=\"wp-block-list\">\n<li>Doctorat en chimie<\/li>\n<\/ul>\n<\/div>\n\n\n\n<div class=\"wp-block-column is-layout-flow wp-block-column-is-layout-flow\">\n<figure class=\"wp-block-image size-full\"><img loading=\"lazy\" decoding=\"async\" width=\"310\" height=\"51\" src=\"http:\/\/kinequilibre-azur.com\/wp-content\/uploads\/2023\/08\/eth.png\" alt=\"\" class=\"wp-image-63\" srcset=\"https:\/\/kinequilibre-azur.com\/wp-content\/uploads\/2023\/08\/eth.png 310w, https:\/\/kinequilibre-azur.com\/wp-content\/uploads\/2023\/08\/eth-300x49.png 300w\" sizes=\"auto, (max-width: 310px) 100vw, 310px\" \/><\/figure>\n<\/div>\n<\/div>\n\n\n\n<div class=\"wp-block-columns is-layout-flex wp-container-core-columns-is-layout-28f84493 wp-block-columns-is-layout-flex\">\n<div class=\"wp-block-column is-layout-flow wp-block-column-is-layout-flow\">\n<ul class=\"wp-block-list\">\n<li>Master en d\u00e9veloppement des m\u00e9dicaments<\/li>\n<\/ul>\n<\/div>\n\n\n\n<div class=\"wp-block-column is-layout-flow wp-block-column-is-layout-flow\">\n<figure class=\"wp-block-image size-full\"><img loading=\"lazy\" decoding=\"async\" width=\"398\" height=\"127\" src=\"http:\/\/kinequilibre-azur.com\/wp-content\/uploads\/2023\/08\/uni-basel.png\" alt=\"\" class=\"wp-image-64\" srcset=\"https:\/\/kinequilibre-azur.com\/wp-content\/uploads\/2023\/08\/uni-basel.png 398w, https:\/\/kinequilibre-azur.com\/wp-content\/uploads\/2023\/08\/uni-basel-300x96.png 300w\" sizes=\"auto, (max-width: 398px) 100vw, 398px\" \/><\/figure>\n<\/div>\n<\/div>\n\n\n\n<p><strong>Int\u00e9r\u00eats Sp\u00e9cifiques<\/strong><\/p>\n\n\n\n<div class=\"wp-block-columns is-layout-flex wp-container-core-columns-is-layout-28f84493 wp-block-columns-is-layout-flex\">\n<div class=\"wp-block-column is-layout-flow wp-block-column-is-layout-flow\">\n<p>Du fait de ses activit\u00e9s r\u00e9cr\u00e9atives en montagnes  et en pleine nature (randonn\u00e9e, alpinisme, escalade, VTT, ski de randonn\u00e9e &amp; alpin) Johannes s\u2019int\u00e9resse tout particuli\u00e8rement \u00e0 toutes les questions qui touchent l\u2019\u00e9quilibre.<\/p>\n\n\n\n<p>Il a suivi des formations compl\u00e9mentaires en kin\u00e9sith\u00e9rapie vestibulaire qui ont trait\u00e9 les th\u00e9matiques des vertiges, des instabilit\u00e9s, et leur r\u00e9\u00e9ducation.<\/p>\n\n\n\n<p>Gr\u00e2ce \u00e0 son exp\u00e9rience de chercheur professionnel, il a pu consulter en d\u00e9tail les donn\u00e9es scientifiques publi\u00e9es \u00e0 ce sujet.<\/p>\n\n\n\n<p>Il dispose des appareils n\u00e9cessaires pour entreprendre des bilans pr\u00e9cis de l\u2019\u00e9quilibre. Il met en place des approches personnalis\u00e9es de r\u00e9\u00e9ducation de l\u2019\u00e9quilibre et des vertiges qui s\u2019appuient sur la recherche r\u00e9cente en m\u00e9decine.<\/p>\n<\/div>\n\n\n\n<div class=\"wp-block-column is-layout-flow wp-block-column-is-layout-flow\">\n<figure class=\"wp-block-image size-full\"><img loading=\"lazy\" decoding=\"async\" width=\"324\" height=\"575\" src=\"http:\/\/kinequilibre-azur.com\/wp-content\/uploads\/2023\/08\/jv-montagne.png\" alt=\"\" class=\"wp-image-65\" srcset=\"https:\/\/kinequilibre-azur.com\/wp-content\/uploads\/2023\/08\/jv-montagne.png 324w, https:\/\/kinequilibre-azur.com\/wp-content\/uploads\/2023\/08\/jv-montagne-169x300.png 169w\" sizes=\"auto, (max-width: 324px) 100vw, 324px\" \/><\/figure>\n<\/div>\n<\/div>\n","protected":false},"excerpt":{"rendered":"<p>Johannes Voegel Masseur-Kin\u00e9sith\u00e9rapeute DE Langues FORMATION Dipl\u00f4me d\u2019\u00e9tat en Masso-Kin\u00e9sith\u00e9rapie Formation en Kin\u00e9sith\u00e9rapie Vestibulaire : V.I.R.E Auparavant \u2013 Une Carri\u00e8re Scientifique Int\u00e9r\u00eats Sp\u00e9cifiques Du fait de ses activit\u00e9s r\u00e9cr\u00e9atives en montagnes et en pleine nature (randonn\u00e9e, alpinisme, escalade, VTT, ski de randonn\u00e9e &amp; alpin) Johannes s\u2019int\u00e9resse tout particuli\u00e8rement \u00e0 toutes les questions qui touchent l\u2019\u00e9quilibre. [&hellip;]<\/p>\n","protected":false},"author":1,"featured_media":0,"parent":0,"menu_order":2,"comment_status":"closed","ping_status":"closed","template":"","meta":{"footnotes":""},"class_list":["post-17","page","type-page","status-publish","hentry"],"aioseo_notices":[],"_links":{"self":[{"href":"https:\/\/kinequilibre-azur.com\/fr\/wp-json\/wp\/v2\/pages\/17","targetHints":{"allow":["GET"]}}],"collection":[{"href":"https:\/\/kinequilibre-azur.com\/fr\/wp-json\/wp\/v2\/pages"}],"about":[{"href":"https:\/\/kinequilibre-azur.com\/fr\/wp-json\/wp\/v2\/types\/page"}],"author":[{"embeddable":true,"href":"https:\/\/kinequilibre-azur.com\/fr\/wp-json\/wp\/v2\/users\/1"}],"replies":[{"embeddable":true,"href":"https:\/\/kinequilibre-azur.com\/fr\/wp-json\/wp\/v2\/comments?post=17"}],"version-history":[{"count":10,"href":"https:\/\/kinequilibre-azur.com\/fr\/wp-json\/wp\/v2\/pages\/17\/revisions"}],"predecessor-version":[{"id":262,"href":"https:\/\/kinequilibre-azur.com\/fr\/wp-json\/wp\/v2\/pages\/17\/revisions\/262"}],"wp:attachment":[{"href":"https:\/\/kinequilibre-azur.com\/fr\/wp-json\/wp\/v2\/media?parent=17"}],"curies":[{"name":"wp","href":"https:\/\/api.w.org\/{rel}","templated":true}]}}