{"id":24,"date":"2023-08-22T17:15:13","date_gmt":"2023-08-22T15:15:13","guid":{"rendered":"http:\/\/kinequilibre-azur.com\/?page_id=24"},"modified":"2024-11-11T14:30:07","modified_gmt":"2024-11-11T13:30:07","slug":"cabinet","status":"publish","type":"page","link":"https:\/\/kinequilibre-azur.com\/fr\/cabinet\/","title":{"rendered":"Cabinet"},"content":{"rendered":"\n<h2 class=\"wp-block-heading\"><strong>SALLE D&rsquo;AZUR <\/strong>-soins manuels<\/h2>\n\n\n\n<figure class=\"wp-block-image size-large\"><img loading=\"lazy\" decoding=\"async\" width=\"1024\" height=\"576\" src=\"https:\/\/kinequilibre-azur.com\/wp-content\/uploads\/2024\/11\/PXL_20241111_085205961-1024x576.jpg\" alt=\"\" class=\"wp-image-288\" srcset=\"https:\/\/kinequilibre-azur.com\/wp-content\/uploads\/2024\/11\/PXL_20241111_085205961-1024x576.jpg 1024w, https:\/\/kinequilibre-azur.com\/wp-content\/uploads\/2024\/11\/PXL_20241111_085205961-300x169.jpg 300w, https:\/\/kinequilibre-azur.com\/wp-content\/uploads\/2024\/11\/PXL_20241111_085205961-768x432.jpg 768w, https:\/\/kinequilibre-azur.com\/wp-content\/uploads\/2024\/11\/PXL_20241111_085205961-1536x864.jpg 1536w, https:\/\/kinequilibre-azur.com\/wp-content\/uploads\/2024\/11\/PXL_20241111_085205961-2048x1152.jpg 2048w, https:\/\/kinequilibre-azur.com\/wp-content\/uploads\/2024\/11\/PXL_20241111_085205961-18x10.jpg 18w\" sizes=\"auto, (max-width: 1024px) 100vw, 1024px\" \/><\/figure>\n\n\n\n<h2 class=\"wp-block-heading\"><strong>SALLE DE GYMNASTIQUE<\/strong><\/h2>\n\n\n\n<figure class=\"wp-block-image size-large\"><img loading=\"lazy\" decoding=\"async\" width=\"1024\" height=\"576\" src=\"https:\/\/kinequilibre-azur.com\/wp-content\/uploads\/2024\/11\/PXL_20241111_085724762-1024x576.jpg\" alt=\"\" class=\"wp-image-289\" srcset=\"https:\/\/kinequilibre-azur.com\/wp-content\/uploads\/2024\/11\/PXL_20241111_085724762-1024x576.jpg 1024w, https:\/\/kinequilibre-azur.com\/wp-content\/uploads\/2024\/11\/PXL_20241111_085724762-300x169.jpg 300w, https:\/\/kinequilibre-azur.com\/wp-content\/uploads\/2024\/11\/PXL_20241111_085724762-768x432.jpg 768w, https:\/\/kinequilibre-azur.com\/wp-content\/uploads\/2024\/11\/PXL_20241111_085724762-1536x864.jpg 1536w, https:\/\/kinequilibre-azur.com\/wp-content\/uploads\/2024\/11\/PXL_20241111_085724762-2048x1152.jpg 2048w, https:\/\/kinequilibre-azur.com\/wp-content\/uploads\/2024\/11\/PXL_20241111_085724762-18x10.jpg 18w\" sizes=\"auto, (max-width: 1024px) 100vw, 1024px\" \/><\/figure>\n\n\n\n<div class=\"wp-block-columns is-layout-flex wp-container-core-columns-is-layout-28f84493 wp-block-columns-is-layout-flex\">\n<div class=\"wp-block-column is-layout-flow wp-block-column-is-layout-flow\">\n<figure class=\"wp-block-image size-large is-resized\"><img loading=\"lazy\" decoding=\"async\" width=\"1441\" height=\"2560\" src=\"https:\/\/kinequilibre-azur.com\/wp-content\/uploads\/2024\/11\/PXL_20241111_085812413_cadre-edited-scaled.jpg\" alt=\"\" class=\"wp-image-294\" style=\"width:313px;height:auto\" srcset=\"https:\/\/kinequilibre-azur.com\/wp-content\/uploads\/2024\/11\/PXL_20241111_085812413_cadre-edited-scaled.jpg 1441w, https:\/\/kinequilibre-azur.com\/wp-content\/uploads\/2024\/11\/PXL_20241111_085812413_cadre-edited-169x300.jpg 169w, https:\/\/kinequilibre-azur.com\/wp-content\/uploads\/2024\/11\/PXL_20241111_085812413_cadre-edited-576x1024.jpg 576w, https:\/\/kinequilibre-azur.com\/wp-content\/uploads\/2024\/11\/PXL_20241111_085812413_cadre-edited-768x1365.jpg 768w, https:\/\/kinequilibre-azur.com\/wp-content\/uploads\/2024\/11\/PXL_20241111_085812413_cadre-edited-864x1536.jpg 864w, https:\/\/kinequilibre-azur.com\/wp-content\/uploads\/2024\/11\/PXL_20241111_085812413_cadre-edited-1152x2048.jpg 1152w, https:\/\/kinequilibre-azur.com\/wp-content\/uploads\/2024\/11\/PXL_20241111_085812413_cadre-edited-7x12.jpg 7w\" sizes=\"auto, (max-width: 1441px) 100vw, 1441px\" \/><\/figure>\n<\/div>\n\n\n\n<div class=\"wp-block-column is-layout-flow wp-block-column-is-layout-flow\">\n<figure class=\"wp-block-image size-large\"><img loading=\"lazy\" decoding=\"async\" width=\"576\" height=\"1024\" src=\"https:\/\/kinequilibre-azur.com\/wp-content\/uploads\/2024\/11\/PXL_20241111_090126571-576x1024.jpg\" alt=\"\" class=\"wp-image-293\" srcset=\"https:\/\/kinequilibre-azur.com\/wp-content\/uploads\/2024\/11\/PXL_20241111_090126571-576x1024.jpg 576w, https:\/\/kinequilibre-azur.com\/wp-content\/uploads\/2024\/11\/PXL_20241111_090126571-169x300.jpg 169w, https:\/\/kinequilibre-azur.com\/wp-content\/uploads\/2024\/11\/PXL_20241111_090126571-768x1365.jpg 768w, https:\/\/kinequilibre-azur.com\/wp-content\/uploads\/2024\/11\/PXL_20241111_090126571-864x1536.jpg 864w, https:\/\/kinequilibre-azur.com\/wp-content\/uploads\/2024\/11\/PXL_20241111_090126571-1152x2048.jpg 1152w, https:\/\/kinequilibre-azur.com\/wp-content\/uploads\/2024\/11\/PXL_20241111_090126571-7x12.jpg 7w, https:\/\/kinequilibre-azur.com\/wp-content\/uploads\/2024\/11\/PXL_20241111_090126571-scaled.jpg 1440w\" sizes=\"auto, (max-width: 576px) 100vw, 576px\" \/><\/figure>\n<\/div>\n<\/div>\n\n\n\n<div class=\"wp-block-columns is-layout-flex wp-container-core-columns-is-layout-28f84493 wp-block-columns-is-layout-flex\">\n<div class=\"wp-block-column is-layout-flow wp-block-column-is-layout-flow\">\n<figure class=\"wp-block-image size-large\"><img loading=\"lazy\" decoding=\"async\" width=\"576\" height=\"1024\" src=\"https:\/\/kinequilibre-azur.com\/wp-content\/uploads\/2024\/11\/PXL_20241111_090849553-576x1024.jpg\" alt=\"\" class=\"wp-image-295\" srcset=\"https:\/\/kinequilibre-azur.com\/wp-content\/uploads\/2024\/11\/PXL_20241111_090849553-576x1024.jpg 576w, https:\/\/kinequilibre-azur.com\/wp-content\/uploads\/2024\/11\/PXL_20241111_090849553-169x300.jpg 169w, https:\/\/kinequilibre-azur.com\/wp-content\/uploads\/2024\/11\/PXL_20241111_090849553-768x1365.jpg 768w, https:\/\/kinequilibre-azur.com\/wp-content\/uploads\/2024\/11\/PXL_20241111_090849553-864x1536.jpg 864w, https:\/\/kinequilibre-azur.com\/wp-content\/uploads\/2024\/11\/PXL_20241111_090849553-1152x2048.jpg 1152w, https:\/\/kinequilibre-azur.com\/wp-content\/uploads\/2024\/11\/PXL_20241111_090849553-7x12.jpg 7w, https:\/\/kinequilibre-azur.com\/wp-content\/uploads\/2024\/11\/PXL_20241111_090849553-scaled.jpg 1440w\" sizes=\"auto, (max-width: 576px) 100vw, 576px\" \/><\/figure>\n<\/div>\n\n\n\n<div class=\"wp-block-column is-layout-flow wp-block-column-is-layout-flow\">\n<figure class=\"wp-block-image size-large\"><img loading=\"lazy\" decoding=\"async\" width=\"576\" height=\"1024\" src=\"https:\/\/kinequilibre-azur.com\/wp-content\/uploads\/2024\/11\/PXL_20241111_090935178-576x1024.jpg\" alt=\"\" class=\"wp-image-296\" srcset=\"https:\/\/kinequilibre-azur.com\/wp-content\/uploads\/2024\/11\/PXL_20241111_090935178-576x1024.jpg 576w, https:\/\/kinequilibre-azur.com\/wp-content\/uploads\/2024\/11\/PXL_20241111_090935178-169x300.jpg 169w, https:\/\/kinequilibre-azur.com\/wp-content\/uploads\/2024\/11\/PXL_20241111_090935178-768x1365.jpg 768w, https:\/\/kinequilibre-azur.com\/wp-content\/uploads\/2024\/11\/PXL_20241111_090935178-864x1536.jpg 864w, https:\/\/kinequilibre-azur.com\/wp-content\/uploads\/2024\/11\/PXL_20241111_090935178-1152x2048.jpg 1152w, https:\/\/kinequilibre-azur.com\/wp-content\/uploads\/2024\/11\/PXL_20241111_090935178-7x12.jpg 7w, https:\/\/kinequilibre-azur.com\/wp-content\/uploads\/2024\/11\/PXL_20241111_090935178-scaled.jpg 1440w\" sizes=\"auto, (max-width: 576px) 100vw, 576px\" \/><\/figure>\n<\/div>\n<\/div>\n\n\n\n<h2 class=\"wp-block-heading\"><strong>VUE <\/strong>de la salle de gym<\/h2>\n\n\n\n<figure class=\"wp-block-image size-large\"><img loading=\"lazy\" decoding=\"async\" width=\"1024\" height=\"508\" src=\"https:\/\/kinequilibre-azur.com\/wp-content\/uploads\/2024\/11\/Vue-du-cabinet_2_1-1024x508.jpg\" alt=\"\" class=\"wp-image-280\" srcset=\"https:\/\/kinequilibre-azur.com\/wp-content\/uploads\/2024\/11\/Vue-du-cabinet_2_1-1024x508.jpg 1024w, https:\/\/kinequilibre-azur.com\/wp-content\/uploads\/2024\/11\/Vue-du-cabinet_2_1-300x149.jpg 300w, https:\/\/kinequilibre-azur.com\/wp-content\/uploads\/2024\/11\/Vue-du-cabinet_2_1-768x381.jpg 768w, https:\/\/kinequilibre-azur.com\/wp-content\/uploads\/2024\/11\/Vue-du-cabinet_2_1-1536x761.jpg 1536w, https:\/\/kinequilibre-azur.com\/wp-content\/uploads\/2024\/11\/Vue-du-cabinet_2_1-2048x1015.jpg 2048w, https:\/\/kinequilibre-azur.com\/wp-content\/uploads\/2024\/11\/Vue-du-cabinet_2_1-18x9.jpg 18w\" sizes=\"auto, (max-width: 1024px) 100vw, 1024px\" \/><\/figure>\n\n\n\n<p>Travailler dans un espace lumineux avec une vue d\u00e9gag\u00e9e.<\/p>\n\n\n\n<figure class=\"wp-block-image size-large\"><img loading=\"lazy\" decoding=\"async\" width=\"1024\" height=\"517\" src=\"https:\/\/kinequilibre-azur.com\/wp-content\/uploads\/2024\/11\/vue-du-cabinet_1_1-1024x517.jpg\" alt=\"\" class=\"wp-image-281\" srcset=\"https:\/\/kinequilibre-azur.com\/wp-content\/uploads\/2024\/11\/vue-du-cabinet_1_1-1024x517.jpg 1024w, https:\/\/kinequilibre-azur.com\/wp-content\/uploads\/2024\/11\/vue-du-cabinet_1_1-300x151.jpg 300w, https:\/\/kinequilibre-azur.com\/wp-content\/uploads\/2024\/11\/vue-du-cabinet_1_1-768x387.jpg 768w, https:\/\/kinequilibre-azur.com\/wp-content\/uploads\/2024\/11\/vue-du-cabinet_1_1-1536x775.jpg 1536w, https:\/\/kinequilibre-azur.com\/wp-content\/uploads\/2024\/11\/vue-du-cabinet_1_1-2048x1033.jpg 2048w, https:\/\/kinequilibre-azur.com\/wp-content\/uploads\/2024\/11\/vue-du-cabinet_1_1-18x9.jpg 18w\" sizes=\"auto, (max-width: 1024px) 100vw, 1024px\" \/><\/figure>\n\n\n\n<h2 class=\"wp-block-heading\"><strong>\u00c9QUIPEMENT<\/strong> VESTIBULAIRE<\/h2>\n\n\n\n<div class=\"wp-block-columns is-layout-flex wp-container-core-columns-is-layout-28f84493 wp-block-columns-is-layout-flex\">\n<div class=\"wp-block-column is-layout-flow wp-block-column-is-layout-flow\">\n<figure class=\"wp-block-image size-large\"><img loading=\"lazy\" decoding=\"async\" width=\"576\" height=\"1024\" src=\"https:\/\/kinequilibre-azur.com\/wp-content\/uploads\/2024\/11\/PXL_20241111_092123660-576x1024.jpg\" alt=\"\" class=\"wp-image-299\" srcset=\"https:\/\/kinequilibre-azur.com\/wp-content\/uploads\/2024\/11\/PXL_20241111_092123660-576x1024.jpg 576w, https:\/\/kinequilibre-azur.com\/wp-content\/uploads\/2024\/11\/PXL_20241111_092123660-169x300.jpg 169w, https:\/\/kinequilibre-azur.com\/wp-content\/uploads\/2024\/11\/PXL_20241111_092123660-768x1365.jpg 768w, https:\/\/kinequilibre-azur.com\/wp-content\/uploads\/2024\/11\/PXL_20241111_092123660-864x1536.jpg 864w, https:\/\/kinequilibre-azur.com\/wp-content\/uploads\/2024\/11\/PXL_20241111_092123660-1152x2048.jpg 1152w, https:\/\/kinequilibre-azur.com\/wp-content\/uploads\/2024\/11\/PXL_20241111_092123660-7x12.jpg 7w, https:\/\/kinequilibre-azur.com\/wp-content\/uploads\/2024\/11\/PXL_20241111_092123660-scaled.jpg 1440w\" sizes=\"auto, (max-width: 576px) 100vw, 576px\" \/><\/figure>\n<\/div>\n\n\n\n<div class=\"wp-block-column is-layout-flow wp-block-column-is-layout-flow\">\n<figure class=\"wp-block-image size-large\"><img loading=\"lazy\" decoding=\"async\" width=\"576\" height=\"1024\" src=\"https:\/\/kinequilibre-azur.com\/wp-content\/uploads\/2024\/11\/PXL_20241111_091943527-576x1024.jpg\" alt=\"\" class=\"wp-image-300\" srcset=\"https:\/\/kinequilibre-azur.com\/wp-content\/uploads\/2024\/11\/PXL_20241111_091943527-576x1024.jpg 576w, https:\/\/kinequilibre-azur.com\/wp-content\/uploads\/2024\/11\/PXL_20241111_091943527-169x300.jpg 169w, https:\/\/kinequilibre-azur.com\/wp-content\/uploads\/2024\/11\/PXL_20241111_091943527-768x1365.jpg 768w, https:\/\/kinequilibre-azur.com\/wp-content\/uploads\/2024\/11\/PXL_20241111_091943527-864x1536.jpg 864w, https:\/\/kinequilibre-azur.com\/wp-content\/uploads\/2024\/11\/PXL_20241111_091943527-1152x2048.jpg 1152w, https:\/\/kinequilibre-azur.com\/wp-content\/uploads\/2024\/11\/PXL_20241111_091943527-7x12.jpg 7w, https:\/\/kinequilibre-azur.com\/wp-content\/uploads\/2024\/11\/PXL_20241111_091943527-scaled.jpg 1440w\" sizes=\"auto, (max-width: 576px) 100vw, 576px\" \/><\/figure>\n<\/div>\n<\/div>\n\n\n\n<div class=\"wp-block-columns is-layout-flex wp-container-core-columns-is-layout-28f84493 wp-block-columns-is-layout-flex\">\n<div class=\"wp-block-column is-layout-flow wp-block-column-is-layout-flow\">\n<p>Plateforme de force, pilot\u00e9e par ordinateur portable pour le bilan et les exercices d\u2019\u00e9quilibre<\/p>\n<\/div>\n\n\n\n<div class=\"wp-block-column is-layout-flow wp-block-column-is-layout-flow\">\n<figure class=\"wp-block-image size-large\"><img loading=\"lazy\" decoding=\"async\" width=\"458\" height=\"1024\" src=\"http:\/\/kinequilibre-azur.com\/wp-content\/uploads\/2023\/08\/force-platform-458x1024.png\" alt=\"\" class=\"wp-image-25\" srcset=\"https:\/\/kinequilibre-azur.com\/wp-content\/uploads\/2023\/08\/force-platform-458x1024.png 458w, https:\/\/kinequilibre-azur.com\/wp-content\/uploads\/2023\/08\/force-platform-134x300.png 134w, https:\/\/kinequilibre-azur.com\/wp-content\/uploads\/2023\/08\/force-platform.png 470w\" sizes=\"auto, (max-width: 458px) 100vw, 458px\" \/><\/figure>\n<\/div>\n<\/div>\n\n\n\n<p><\/p>\n\n\n\n<div class=\"wp-block-columns is-layout-flex wp-container-core-columns-is-layout-28f84493 wp-block-columns-is-layout-flex\">\n<div class=\"wp-block-column is-layout-flow wp-block-column-is-layout-flow\">\n<p>Nystagmoscopie (Camera IR) pour l\u2019analyse des mouvements des yeux qui donnent des informations sur le fonctionnement de l\u2019oreille interne (vestibule)<\/p>\n<\/div>\n\n\n\n<div class=\"wp-block-column is-layout-flow wp-block-column-is-layout-flow\">\n<figure class=\"wp-block-image size-full\"><img loading=\"lazy\" decoding=\"async\" width=\"531\" height=\"679\" src=\"http:\/\/kinequilibre-azur.com\/wp-content\/uploads\/2023\/08\/IR.png\" alt=\"\" class=\"wp-image-68\" srcset=\"https:\/\/kinequilibre-azur.com\/wp-content\/uploads\/2023\/08\/IR.png 531w, https:\/\/kinequilibre-azur.com\/wp-content\/uploads\/2023\/08\/IR-235x300.png 235w\" sizes=\"auto, (max-width: 531px) 100vw, 531px\" \/><\/figure>\n<\/div>\n<\/div>\n\n\n\n<div class=\"wp-block-columns is-layout-flex wp-container-core-columns-is-layout-28f84493 wp-block-columns-is-layout-flex\">\n<div class=\"wp-block-column is-layout-flow wp-block-column-is-layout-flow\">\n<p>Stimulation optocin\u00e9tique pour d\u00e9tecter puis corriger la d\u00e9pendance visuelle lors des efforts d\u2019\u00e9quilibration<\/p>\n<\/div>\n\n\n\n<div class=\"wp-block-column is-layout-flow wp-block-column-is-layout-flow\">\n<figure class=\"wp-block-image size-full\"><img loading=\"lazy\" decoding=\"async\" width=\"366\" height=\"365\" src=\"http:\/\/kinequilibre-azur.com\/wp-content\/uploads\/2023\/08\/Optocin.png\" alt=\"\" class=\"wp-image-69\" srcset=\"https:\/\/kinequilibre-azur.com\/wp-content\/uploads\/2023\/08\/Optocin.png 366w, https:\/\/kinequilibre-azur.com\/wp-content\/uploads\/2023\/08\/Optocin-300x300.png 300w, https:\/\/kinequilibre-azur.com\/wp-content\/uploads\/2023\/08\/Optocin-150x150.png 150w\" sizes=\"auto, (max-width: 366px) 100vw, 366px\" \/><\/figure>\n<\/div>\n<\/div>\n","protected":false},"excerpt":{"rendered":"<p>SALLE D&rsquo;AZUR -soins manuels SALLE DE GYMNASTIQUE VUE de la salle de gym Travailler dans un espace lumineux avec une vue d\u00e9gag\u00e9e. \u00c9QUIPEMENT VESTIBULAIRE Plateforme de force, pilot\u00e9e par ordinateur portable pour le bilan et les exercices d\u2019\u00e9quilibre Nystagmoscopie (Camera IR) pour l\u2019analyse des mouvements des yeux qui donnent des informations sur le fonctionnement de [&hellip;]<\/p>\n","protected":false},"author":1,"featured_media":0,"parent":0,"menu_order":3,"comment_status":"closed","ping_status":"closed","template":"","meta":{"footnotes":""},"class_list":["post-24","page","type-page","status-publish","hentry"],"aioseo_notices":[],"_links":{"self":[{"href":"https:\/\/kinequilibre-azur.com\/fr\/wp-json\/wp\/v2\/pages\/24","targetHints":{"allow":["GET"]}}],"collection":[{"href":"https:\/\/kinequilibre-azur.com\/fr\/wp-json\/wp\/v2\/pages"}],"about":[{"href":"https:\/\/kinequilibre-azur.com\/fr\/wp-json\/wp\/v2\/types\/page"}],"author":[{"embeddable":true,"href":"https:\/\/kinequilibre-azur.com\/fr\/wp-json\/wp\/v2\/users\/1"}],"replies":[{"embeddable":true,"href":"https:\/\/kinequilibre-azur.com\/fr\/wp-json\/wp\/v2\/comments?post=24"}],"version-history":[{"count":9,"href":"https:\/\/kinequilibre-azur.com\/fr\/wp-json\/wp\/v2\/pages\/24\/revisions"}],"predecessor-version":[{"id":301,"href":"https:\/\/kinequilibre-azur.com\/fr\/wp-json\/wp\/v2\/pages\/24\/revisions\/301"}],"wp:attachment":[{"href":"https:\/\/kinequilibre-azur.com\/fr\/wp-json\/wp\/v2\/media?parent=24"}],"curies":[{"name":"wp","href":"https:\/\/api.w.org\/{rel}","templated":true}]}}