{"id":33,"date":"2023-08-22T17:41:49","date_gmt":"2023-08-22T15:41:49","guid":{"rendered":"http:\/\/kinequilibre-azur.com\/?page_id=33"},"modified":"2024-11-09T15:45:22","modified_gmt":"2024-11-09T14:45:22","slug":"kinesitherapie-le-rouret-et-son-entourage","status":"publish","type":"page","link":"https:\/\/kinequilibre-azur.com\/fr\/","title":{"rendered":"KIN\u00c9quilibre Azur : Kin\u00e9sith\u00e9rapie &#8211; Le Rouret et voisinage"},"content":{"rendered":"\n<h2 class=\"wp-block-heading\">Masseur-Kin\u00e9sith\u00e9rapeute DE<\/h2>\n\n\n\n<h2 class=\"wp-block-heading\">Fran\u00e7ais &#8211; Deutsch &#8211; English<\/h2>\n\n\n\n<div class=\"wp-block-columns is-layout-flex wp-container-core-columns-is-layout-28f84493 wp-block-columns-is-layout-flex\">\n<div class=\"wp-block-column is-layout-flow wp-block-column-is-layout-flow\">\n<div class=\"wp-block-columns is-layout-flex wp-container-core-columns-is-layout-28f84493 wp-block-columns-is-layout-flex\">\n<div class=\"wp-block-column is-layout-flow wp-block-column-is-layout-flow\" style=\"flex-basis:33.33%\">\n<p><strong>Kin\u00e9sith\u00e9rapie sur rendez-vous en cabinet et \u00e0 domicile<\/strong><\/p>\n<\/div>\n\n\n\n<div class=\"wp-block-column is-layout-flow wp-block-column-is-layout-flow\" style=\"flex-basis:66.66%\">\n<figure class=\"wp-block-image size-full\"><img loading=\"lazy\" decoding=\"async\" width=\"299\" height=\"298\" src=\"http:\/\/kinequilibre-azur.com\/wp-content\/uploads\/2023\/08\/Ordre-MK-1.png\" alt=\"\" class=\"wp-image-55\" srcset=\"https:\/\/kinequilibre-azur.com\/wp-content\/uploads\/2023\/08\/Ordre-MK-1.png 299w, https:\/\/kinequilibre-azur.com\/wp-content\/uploads\/2023\/08\/Ordre-MK-1-150x150.png 150w\" sizes=\"auto, (max-width: 299px) 100vw, 299px\" \/><\/figure>\n<\/div>\n<\/div>\n\n\n\n<div class=\"wp-block-columns is-layout-flex wp-container-core-columns-is-layout-28f84493 wp-block-columns-is-layout-flex\">\n<div class=\"wp-block-column is-layout-flow wp-block-column-is-layout-flow\" style=\"flex-basis:66.66%\">\n<p><img loading=\"lazy\" decoding=\"async\" width=\"40\" height=\"40\" class=\"wp-image-101\" style=\"width: 40px;\" src=\"http:\/\/kinequilibre-azur.com\/wp-content\/uploads\/2023\/08\/Image1-1.png\" alt=\"\"> 30 All\u00e9e Fr\u00e9d\u00e9ric Mistral, 06650 Le Rouret<\/p>\n<\/div>\n<\/div>\n<\/div>\n<\/div>\n\n\n\n<div class=\"wp-block-columns is-layout-flex wp-container-core-columns-is-layout-28f84493 wp-block-columns-is-layout-flex\">\n<div class=\"wp-block-column is-layout-flow wp-block-column-is-layout-flow\" style=\"flex-basis:66.66%\">\n<p><img loading=\"lazy\" decoding=\"async\" width=\"40\" height=\"40\" class=\"wp-image-103\" style=\"width: 40px;\" src=\"http:\/\/kinequilibre-azur.com\/wp-content\/uploads\/2023\/08\/telephone-1.png\" alt=\"\"> O7 68 74 4O 66<\/p>\n<\/div>\n<\/div>\n\n\n\n<div class=\"wp-block-columns is-layout-flex wp-container-core-columns-is-layout-28f84493 wp-block-columns-is-layout-flex\">\n<div class=\"wp-block-column is-layout-flow wp-block-column-is-layout-flow\" style=\"flex-basis:66.66%\">\n<p><img loading=\"lazy\" decoding=\"async\" width=\"40\" height=\"41\" class=\"wp-image-104\" style=\"width: 40px;\" src=\"http:\/\/kinequilibre-azur.com\/wp-content\/uploads\/2023\/08\/email-1.png\" alt=\"\"> <a href=\"mailto:kinequilibre.azur@laposte.net\">kinequilibre.azur@laposte.net<\/a><\/p>\n<\/div>\n<\/div>\n\n\n\n<div class=\"wp-block-columns is-layout-flex wp-container-core-columns-is-layout-28f84493 wp-block-columns-is-layout-flex\">\n<div class=\"wp-block-column is-layout-flow wp-block-column-is-layout-flow\"><\/div>\n<\/div>\n","protected":false},"excerpt":{"rendered":"<p>Masseur-Kin\u00e9sith\u00e9rapeute DE Fran\u00e7ais &#8211; Deutsch &#8211; English Kin\u00e9sith\u00e9rapie sur rendez-vous en cabinet et \u00e0 domicile 30 All\u00e9e Fr\u00e9d\u00e9ric Mistral, 06650 Le Rouret O7 68 74 4O 66 kinequilibre.azur@laposte.net<\/p>\n","protected":false},"author":1,"featured_media":0,"parent":0,"menu_order":0,"comment_status":"closed","ping_status":"closed","template":"","meta":{"footnotes":""},"class_list":["post-33","page","type-page","status-publish","hentry"],"aioseo_notices":[],"_links":{"self":[{"href":"https:\/\/kinequilibre-azur.com\/fr\/wp-json\/wp\/v2\/pages\/33","targetHints":{"allow":["GET"]}}],"collection":[{"href":"https:\/\/kinequilibre-azur.com\/fr\/wp-json\/wp\/v2\/pages"}],"about":[{"href":"https:\/\/kinequilibre-azur.com\/fr\/wp-json\/wp\/v2\/types\/page"}],"author":[{"embeddable":true,"href":"https:\/\/kinequilibre-azur.com\/fr\/wp-json\/wp\/v2\/users\/1"}],"replies":[{"embeddable":true,"href":"https:\/\/kinequilibre-azur.com\/fr\/wp-json\/wp\/v2\/comments?post=33"}],"version-history":[{"count":24,"href":"https:\/\/kinequilibre-azur.com\/fr\/wp-json\/wp\/v2\/pages\/33\/revisions"}],"predecessor-version":[{"id":270,"href":"https:\/\/kinequilibre-azur.com\/fr\/wp-json\/wp\/v2\/pages\/33\/revisions\/270"}],"wp:attachment":[{"href":"https:\/\/kinequilibre-azur.com\/fr\/wp-json\/wp\/v2\/media?parent=33"}],"curies":[{"name":"wp","href":"https:\/\/api.w.org\/{rel}","templated":true}]}}